{"id":305,"date":"2025-04-15T09:25:25","date_gmt":"2025-04-15T07:25:25","guid":{"rendered":"https:\/\/www.lewingchun.fr\/?page_id=305"},"modified":"2025-11-28T10:31:48","modified_gmt":"2025-11-28T09:31:48","slug":"mentions-legales","status":"publish","type":"page","link":"https:\/\/www.lewingchun.fr\/en\/mentions-legales\/","title":{"rendered":"Legal"},"content":{"rendered":"<div class=\"wp-block-cover alignwide\"><img loading=\"lazy\" decoding=\"async\" width=\"1920\" height=\"1080\" class=\"wp-block-cover__image-background wp-image-136 size-full\" alt=\"\" src=\"https:\/\/www.lewingchun.fr\/wp-content\/uploads\/2025\/04\/5.jpg\" style=\"object-position:49% 67%\" data-object-fit=\"cover\" data-object-position=\"49% 67%\" srcset=\"https:\/\/www.lewingchun.fr\/wp-content\/uploads\/2025\/04\/5.jpg 1920w, https:\/\/www.lewingchun.fr\/wp-content\/uploads\/2025\/04\/5-300x169.jpg 300w, https:\/\/www.lewingchun.fr\/wp-content\/uploads\/2025\/04\/5-1024x576.jpg 1024w, https:\/\/www.lewingchun.fr\/wp-content\/uploads\/2025\/04\/5-768x432.jpg 768w, https:\/\/www.lewingchun.fr\/wp-content\/uploads\/2025\/04\/5-1536x864.jpg 1536w\" sizes=\"auto, (max-width: 1920px) 100vw, 1920px\" \/><span aria-hidden=\"true\" class=\"wp-block-cover__background has-background-dim wp-block-cover__gradient-background has-background-gradient\" style=\"background:linear-gradient(135deg,rgb(0,0,0) 0%,rgb(179,9,9) 50%,rgb(0,0,0) 100%)\"><\/span><div class=\"wp-block-cover__inner-container is-layout-constrained wp-block-cover-is-layout-constrained\">\n<p class=\"has-text-align-center has-large-font-size\"><\/p>\n<\/div><\/div>\n\n\n\n<div class=\"wp-block-uagb-container uagb-block-gowq58gn alignfull uagb-is-root-container\"><div class=\"uagb-container-inner-blocks-wrap\">\n<div class=\"wp-block-uagb-info-box uagb-block-su0idldr uagb-infobox__content-wrap  uagb-infobox-icon-above-title uagb-infobox-image-valign-top\"><div class=\"uagb-ifb-content\"><div class=\"uagb-ifb-title-wrap\"><p class=\"uagb-ifb-title-prefix\">Legal Notice<\/p><h2 class=\"uagb-ifb-title\">Lok Yiu Wing Chun France<\/h2><\/div><p class=\"uagb-ifb-desc\">Si\u00e8ge social : 36 rue Gaston Paymal 92110 Clichy<br>RNA : W782009793<br>SIRET : 924 543 853 00023<br>Director : Guillaume Garcia<br>lewingchun@pm.me<\/p><\/div><\/div>\n\n\n\n<div class=\"wp-block-uagb-container uagb-block-q3cuicui\">\n<div class=\"wp-block-uagb-container uagb-block-vorhv651\">\n<div class=\"wp-block-uagb-container uagb-block-63k3toer\">\n<div class=\"wp-block-uagb-advanced-heading uagb-block-t7kcji6a\"><h3 class=\"uagb-heading-text\">Intellectual Property<\/h3><\/div>\n<\/div>\n\n\n\n<div class=\"wp-block-uagb-container uagb-block-ngubh0ob\">\n<div class=\"wp-block-uagb-advanced-heading uagb-block-tzhi52iu\"><p class=\"uagb-heading-text\">All content on this website (texts, images, videos, logo, etc.) is the property of the association, unless otherwise stated. Any reproduction is prohibited without written permission.<\/p><\/div>\n<\/div>\n<\/div>\n\n\n\n<div class=\"wp-block-uagb-container uagb-block-nvoirpcp\">\n<div class=\"wp-block-uagb-container uagb-block-zud0rfcf\">\n<div class=\"wp-block-uagb-advanced-heading uagb-block-jz5sabvl\"><h3 class=\"uagb-heading-text\">Personal Data<\/h3><\/div>\n<\/div>\n\n\n\n<div class=\"wp-block-uagb-container uagb-block-swtsydbt\">\n<div class=\"wp-block-uagb-advanced-heading uagb-block-18lmxeze\"><p class=\"uagb-heading-text\">Data collected through forms is used solely to respond to inquiries. In accordance with the French Data Protection Law (\"Informatique et Libert\u00e9s\") and the GDPR, you have the right to access, correct, or delete your personal data.<\/p><\/div>\n<\/div>\n<\/div>\n\n\n\n<div class=\"wp-block-uagb-container uagb-block-333e510b\">\n<div class=\"wp-block-uagb-container uagb-block-a48a93ba\">\n<div class=\"wp-block-uagb-advanced-heading uagb-block-deca980c\"><h3 class=\"uagb-heading-text\">Website host<\/h3><\/div>\n<\/div>\n\n\n\n<div class=\"wp-block-uagb-container uagb-block-0242e68a\">\n<div class=\"wp-block-uagb-advanced-heading uagb-block-2f7448e3\"><p class=\"uagb-heading-text\">Fran\u00e7ois Schmidts, 108 rue Orfila 75020, Paris<\/p><\/div>\n<\/div>\n<\/div>\n\n\n\n<div class=\"wp-block-uagb-container uagb-block-f3d7ac66\">\n<div class=\"wp-block-uagb-container uagb-block-e3c25983\">\n<div class=\"wp-block-uagb-advanced-heading uagb-block-97893a26\"><h3 class=\"uagb-heading-text\">Web developer<\/h3><\/div>\n<\/div>\n\n\n\n<div class=\"wp-block-uagb-container uagb-block-0a6e8b03\">\n<div class=\"wp-block-uagb-advanced-heading uagb-block-0d397282\"><p class=\"uagb-heading-text\">Guillaume Garcia<\/p><\/div>\n<\/div>\n<\/div>\n<\/div>\n<\/div><\/div>\n\n\n\n<p><\/p>","protected":false},"excerpt":{"rendered":"<p>Propri\u00e9t\u00e9 intellectuelle Tous les contenus pr\u00e9sents sur ce site (textes, images, vid\u00e9os, logo\u2026) sont la propri\u00e9t\u00e9 de l&rsquo;association, sauf mention [&hellip;]<\/p>\n","protected":false},"author":2,"featured_media":0,"parent":0,"menu_order":0,"comment_status":"closed","ping_status":"closed","template":"","meta":{"om_disable_all_campaigns":false,"_uag_custom_page_level_css":"","_monsterinsights_skip_tracking":false,"_monsterinsights_sitenote_active":false,"_monsterinsights_sitenote_note":"","_monsterinsights_sitenote_category":0,"_uf_show_specific_survey":0,"_uf_disable_surveys":false,"site-sidebar-layout":"default","site-content-layout":"","ast-site-content-layout":"","site-content-style":"default","site-sidebar-style":"default","ast-global-header-display":"","ast-banner-title-visibility":"","ast-main-header-display":"","ast-hfb-above-header-display":"","ast-hfb-below-header-display":"","ast-hfb-mobile-header-display":"","site-post-title":"disabled","ast-breadcrumbs-content":"","ast-featured-img":"","footer-sml-layout":"","ast-disable-related-posts":"","theme-transparent-header-meta":"","adv-header-id-meta":"","stick-header-meta":"","header-above-stick-meta":"","header-main-stick-meta":"","header-below-stick-meta":"","astra-migrate-meta-layouts":"default","ast-page-background-enabled":"default","ast-page-background-meta":{"desktop":{"background-color":"var(--ast-global-color-5)","background-image":"","background-repeat":"repeat","background-position":"center center","background-size":"auto","background-attachment":"scroll","background-type":"","background-media":"","overlay-type":"","overlay-color":"","overlay-opacity":"","overlay-gradient":""},"tablet":{"background-color":"","background-image":"","background-repeat":"repeat","background-position":"center center","background-size":"auto","background-attachment":"scroll","background-type":"","background-media":"","overlay-type":"","overlay-color":"","overlay-opacity":"","overlay-gradient":""},"mobile":{"background-color":"","background-image":"","background-repeat":"repeat","background-position":"center center","background-size":"auto","background-attachment":"scroll","background-type":"","background-media":"","overlay-type":"","overlay-color":"","overlay-opacity":"","overlay-gradient":""}},"ast-content-background-meta":{"desktop":{"background-color":"var(--ast-global-color-4)","background-image":"","background-repeat":"repeat","background-position":"center center","background-size":"auto","background-attachment":"scroll","background-type":"","background-media":"","overlay-type":"","overlay-color":"","overlay-opacity":"","overlay-gradient":""},"tablet":{"background-color":"var(--ast-global-color-4)","background-image":"","background-repeat":"repeat","background-position":"center center","background-size":"auto","background-attachment":"scroll","background-type":"","background-media":"","overlay-type":"","overlay-color":"","overlay-opacity":"","overlay-gradient":""},"mobile":{"background-color":"var(--ast-global-color-4)","background-image":"","background-repeat":"repeat","background-position":"center center","background-size":"auto","background-attachment":"scroll","background-type":"","background-media":"","overlay-type":"","overlay-color":"","overlay-opacity":"","overlay-gradient":""}},"footnotes":""},"class_list":["post-305","page","type-page","status-publish","hentry"],"aioseo_notices":[],"uagb_featured_image_src":{"full":false,"thumbnail":false,"medium":false,"medium_large":false,"large":false,"1536x1536":false,"2048x2048":false,"trp-custom-language-flag":false},"uagb_author_info":{"display_name":"Guillaume","author_link":"https:\/\/www.lewingchun.fr\/en\/author\/grcguillaumegmail-com\/"},"uagb_comment_info":0,"uagb_excerpt":"Propri\u00e9t\u00e9 intellectuelle Tous les contenus pr\u00e9sents sur ce site (textes, images, vid\u00e9os, logo\u2026) sont la propri\u00e9t\u00e9 de l&rsquo;association, sauf mention [&hellip;]","_links":{"self":[{"href":"https:\/\/www.lewingchun.fr\/en\/wp-json\/wp\/v2\/pages\/305","targetHints":{"allow":["GET"]}}],"collection":[{"href":"https:\/\/www.lewingchun.fr\/en\/wp-json\/wp\/v2\/pages"}],"about":[{"href":"https:\/\/www.lewingchun.fr\/en\/wp-json\/wp\/v2\/types\/page"}],"author":[{"embeddable":true,"href":"https:\/\/www.lewingchun.fr\/en\/wp-json\/wp\/v2\/users\/2"}],"replies":[{"embeddable":true,"href":"https:\/\/www.lewingchun.fr\/en\/wp-json\/wp\/v2\/comments?post=305"}],"version-history":[{"count":15,"href":"https:\/\/www.lewingchun.fr\/en\/wp-json\/wp\/v2\/pages\/305\/revisions"}],"predecessor-version":[{"id":1159,"href":"https:\/\/www.lewingchun.fr\/en\/wp-json\/wp\/v2\/pages\/305\/revisions\/1159"}],"wp:attachment":[{"href":"https:\/\/www.lewingchun.fr\/en\/wp-json\/wp\/v2\/media?parent=305"}],"curies":[{"name":"wp","href":"https:\/\/api.w.org\/{rel}","templated":true}]}}