{"id":797,"date":"2025-08-14T08:52:05","date_gmt":"2025-08-14T06:52:05","guid":{"rendered":"https:\/\/www.lewingchun.fr\/?page_id=797"},"modified":"2025-08-14T08:52:06","modified_gmt":"2025-08-14T06:52:06","slug":"reglement-interieur","status":"publish","type":"page","link":"https:\/\/www.lewingchun.fr\/en\/reglement-interieur\/","title":{"rendered":"R\u00e9glement int\u00e9rieur"},"content":{"rendered":"<div class=\"wp-block-uagb-container uagb-block-rxyre00n alignfull uagb-is-root-container\"><div class=\"uagb-container-inner-blocks-wrap\">\n<div class=\"wp-block-uagb-info-box uagb-block-xwizbjsk uagb-infobox__content-wrap  uagb-infobox-icon-above-title uagb-infobox-image-valign-top\"><div class=\"uagb-ifb-content\"><div class=\"uagb-ifb-title-wrap\"><\/div><\/div><\/div>\n\n\n\n<div class=\"wp-block-uagb-info-box uagb-block-6mto2lz7 uagb-infobox__content-wrap  uagb-infobox-icon-above-title uagb-infobox-image-valign-top\"><div class=\"uagb-ifb-content\"><div class=\"uagb-ifb-title-wrap\"><\/div><\/div><\/div>\n<\/div><\/div>\n\n\n\n<p>Lok Yiu Wing Chun France Association<\/p>\n\n\n\n<p>R\u00e9glement int\u00e9rieur<\/p>\n\n\n\n<p>Ce r\u00e8glement s\u2019applique \u00e0 tous les membres de l\u2019association, qu\u2019ils pratiquent le Wing Chun ou le Women Fight Club : SiFu, instructeurs, assistants et \u00e9l\u00e8ves s\u2019engagent \u00e0 respecter les r\u00e8gles suivantes.<\/p>\n\n\n\n<p>1. Tenue<\/p>\n\n\n\n<p>Wing Chun : t-shirt blanc, pantalon noir de kung fu, chaussons \u00e0 semelles toile.<\/p>\n\n\n\n<p>Self-d\u00e9fense f\u00e9minine : tenue de sport standard.<\/p>\n\n\n\n<p>2. Ponctualit\u00e9<\/p>\n\n\n\n<p>Les \u00e9l\u00e8ves doivent arriver \u00e0 l\u2019heure. En cas de retard, ils rejoignent discr\u00e8tement le cours.<\/p>\n\n\n\n<p>3. Hygi\u00e8ne<\/p>\n\n\n\n<p>Respect des r\u00e8gles d\u2019hygi\u00e8ne : propret\u00e9 personnelle, serviette pour s\u2019essuyer. Au Centre Al\u00e9sia : lavage des mains ou gel hydroalcoolique obligatoire avant le cours.<\/p>\n\n\n\n<p>4. Corrections techniques<\/p>\n\n\n\n<p>Seuls le SiFu (Julien), ses instructeurs (Guillaume, Aymeric, Cl\u00e9ment, Anthony, Xavier, Youssef) et assistants-instructeurs (Ghislena, Agathe, Juliette, Laure, Sangsong, R\u00e9my, Hugo) peuvent corriger les \u00e9l\u00e8ves. Les conseils entre \u00e9l\u00e8ves doivent rester humbles et justifi\u00e9s.<\/p>\n\n\n\n<p>5. Respect mutuel<\/p>\n\n\n\n<p>Tous les membres doivent se respecter : anciens (SiHing, SiJe), nouveaux (SiDai, SiMui), visiteurs, encadrants.<\/p>\n\n\n\n<p>6. Respect des lieux et partenaires<\/p>\n\n\n\n<p>L\u2019association loue ses salles au Centre Al\u00e9sia et \u00e0 Flip Flap. Monic (Centre Al\u00e9sia), \u00c9milie (Flip Flap), leurs \u00e9quipes et adh\u00e9rents doivent \u00eatre trait\u00e9s avec respect. En tant que partenaires de la mairie de Clichy et de Rambouillet, les lieux et la municipalit\u00e9 doivent \u00e9galement \u00eatre respect\u00e9s.<\/p>\n\n\n\n<p>7. Modestie<\/p>\n\n\n\n<p>Les \u00e9l\u00e8ves ne doivent pas chercher \u00e0 se mettre en avant. Cela s\u2019applique \u00e9galement en ligne sur les r\u00e9seaux sociaux ou forums de discussion.<\/p>\n\n\n\n<p> 8. Questions<\/p>\n\n\n\n<p>Les \u00e9l\u00e8ves peuvent poser des questions aux instructeurs, avec mod\u00e9ration.<\/p>\n\n\n\n<p>9. R\u00e9putation<\/p>\n\n\n\n<p>La r\u00e9putation de l\u2019\u00e9cole, comme celle des autres \u00e9coles, doit \u00eatre pr\u00e9serv\u00e9e. Aucun propos malveillant ne sera tol\u00e9r\u00e9, y compris en ligne.<\/p>\n\n\n\n<p>10. Confidentialit\u00e9<\/p>\n\n\n\n<p>Filmer en cours est interdit.<\/p>\n\n\n\n<p>11. R\u00e8gles f\u00e9d\u00e9rales<\/p>\n\n\n\n<p>Les r\u00e8gles de l\u2019ELYWCIMAA s\u2019appliquent. Le respect des ma\u00eetres europ\u00e9ens et de leurs \u00e9l\u00e8ves est obligatoire lors des stages.<\/p>\n\n\n\n<p>12. Cotisation annuelle<\/p>\n\n\n\n<p>La cotisation annuelle d\u00fbe par l\u2019\u00e9l\u00e8ve d\u00e9pend du lieu o\u00f9 il d\u00e9cide de s\u2019inscrire : <\/p>\n\n\n\n<p>Paris 14e (sud) : <\/p>\n\n\n\n<p>Centre Al\u00e9sia (119 avenue du G\u00e9n\u00e9ral Leclerc, Paris 75014) et Flip Flap (10 rue Cabanis, Paris 75014) : <\/p>\n\n\n\n<p>Adultes : 530 \u20ac <\/p>\n\n\n\n<p>Enfants (6 &#8211; 12 ans) et Adolescents (13 &#8211; 17 ans) : 300 \u20ac <\/p>\n\n\n\n<p>Women Fight Club : 400 \u20ac<\/p>\n\n\n\n<p>Clichy (nord) : <\/p>\n\n\n\n<p>Ecole Victor Hugo (19 rue d\u2019Alsace, Clichy 92110) : <\/p>\n\n\n\n<p>Adultes (d\u00e8s 13 ans) : 290 \u20ac <\/p>\n\n\n\n<p>Enfants (6 &#8211; 12 ans) : 200 \u20ac <\/p>\n\n\n\n<p>Women Fight Club : 200 \u20ac ou 290 \u20ac avec les cours de Wing Chun Kung Fu<\/p>\n\n\n\n<p>L\u2019attention de l\u2019\u00e9l\u00e8ve est attir\u00e9e sur le fait que son inscription dans le nord ou dans le sud est d\u00e9finitive pour l\u2019ann\u00e9e et d\u00e9terminera le montant de sa cotisation annuelle. La cotisation annuelle ne pourra pas \u00eatre modifi\u00e9e en cours d\u2019ann\u00e9e.<\/p>\n\n\n\n<p> IMPORTANT : Il est important de noter qu\u2019une inscription dans le sud ouvre le droit \u00e0 l\u2019\u00e9l\u00e8ve d\u2019acc\u00e9der et de participer \u00e0 tous les cours dispens\u00e9s dans le nord. En revanche, une inscription dans le nord ne permet pas \u00e0 l\u2019\u00e9l\u00e8ve d\u2019acc\u00e9der et de participer aux cours dispens\u00e9s dans le sud. <\/p>\n\n\n\n<p>13. Engagement<\/p>\n\n\n\n<p>En cas de d\u00e9sistement, la cotisation reste due pour l\u2019ann\u00e9e, sans remboursement, quel que soit le motif.<\/p>\n\n\n\n<p>Tout manquement \u00e0 ce r\u00e8glement int\u00e9rieur peut entra\u00eener la r\u00e9siliation de l\u2019inscription, sans remboursement. L\u2019\u00e9l\u00e8ve atteste avoir lu et pris connaissance de l\u2019ensemble des articles ci-dessus. En le signant, l\u2019\u00e9l\u00e8ve approuve le r\u00e8glement int\u00e9rieur et s\u2019engage \u00e0 l\u2019appliquer et \u00e0 le respecter pour l\u2019ann\u00e9e scolaire 2025-2026.<\/p>\n\n\n\n<p><\/p>","protected":false},"excerpt":{"rendered":"<p>Association Lok Yiu Wing Chun France R\u00e9glement int\u00e9rieur Ce r\u00e8glement s\u2019applique \u00e0 tous les membres de l\u2019association, qu\u2019ils pratiquent le [&hellip;]<\/p>\n","protected":false},"author":2,"featured_media":0,"parent":0,"menu_order":0,"comment_status":"closed","ping_status":"closed","template":"","meta":{"om_disable_all_campaigns":false,"_uag_custom_page_level_css":"","_monsterinsights_skip_tracking":false,"_monsterinsights_sitenote_active":false,"_monsterinsights_sitenote_note":"","_monsterinsights_sitenote_category":0,"_uf_show_specific_survey":0,"_uf_disable_surveys":false,"site-sidebar-layout":"default","site-content-layout":"","ast-site-content-layout":"default","site-content-style":"default","site-sidebar-style":"default","ast-global-header-display":"","ast-banner-title-visibility":"","ast-main-header-display":"","ast-hfb-above-header-display":"","ast-hfb-below-header-display":"","ast-hfb-mobile-header-display":"","site-post-title":"disabled","ast-breadcrumbs-content":"","ast-featured-img":"","footer-sml-layout":"","ast-disable-related-posts":"","theme-transparent-header-meta":"","adv-header-id-meta":"","stick-header-meta":"","header-above-stick-meta":"","header-main-stick-meta":"","header-below-stick-meta":"","astra-migrate-meta-layouts":"default","ast-page-background-enabled":"default","ast-page-background-meta":{"desktop":{"background-color":"var(--ast-global-color-5)","background-image":"","background-repeat":"repeat","background-position":"center center","background-size":"auto","background-attachment":"scroll","background-type":"","background-media":"","overlay-type":"","overlay-color":"","overlay-opacity":"","overlay-gradient":""},"tablet":{"background-color":"","background-image":"","background-repeat":"repeat","background-position":"center center","background-size":"auto","background-attachment":"scroll","background-type":"","background-media":"","overlay-type":"","overlay-color":"","overlay-opacity":"","overlay-gradient":""},"mobile":{"background-color":"","background-image":"","background-repeat":"repeat","background-position":"center center","background-size":"auto","background-attachment":"scroll","background-type":"","background-media":"","overlay-type":"","overlay-color":"","overlay-opacity":"","overlay-gradient":""}},"ast-content-background-meta":{"desktop":{"background-color":"var(--ast-global-color-4)","background-image":"","background-repeat":"repeat","background-position":"center center","background-size":"auto","background-attachment":"scroll","background-type":"","background-media":"","overlay-type":"","overlay-color":"","overlay-opacity":"","overlay-gradient":""},"tablet":{"background-color":"var(--ast-global-color-4)","background-image":"","background-repeat":"repeat","background-position":"center center","background-size":"auto","background-attachment":"scroll","background-type":"","background-media":"","overlay-type":"","overlay-color":"","overlay-opacity":"","overlay-gradient":""},"mobile":{"background-color":"var(--ast-global-color-4)","background-image":"","background-repeat":"repeat","background-position":"center center","background-size":"auto","background-attachment":"scroll","background-type":"","background-media":"","overlay-type":"","overlay-color":"","overlay-opacity":"","overlay-gradient":""}},"footnotes":""},"class_list":["post-797","page","type-page","status-publish","hentry"],"aioseo_notices":[],"uagb_featured_image_src":{"full":false,"thumbnail":false,"medium":false,"medium_large":false,"large":false,"1536x1536":false,"2048x2048":false,"trp-custom-language-flag":false},"uagb_author_info":{"display_name":"Guillaume","author_link":"https:\/\/www.lewingchun.fr\/en\/author\/grcguillaumegmail-com\/"},"uagb_comment_info":0,"uagb_excerpt":"Association Lok Yiu Wing Chun France R\u00e9glement int\u00e9rieur Ce r\u00e8glement s\u2019applique \u00e0 tous les membres de l\u2019association, qu\u2019ils pratiquent le [&hellip;]","_links":{"self":[{"href":"https:\/\/www.lewingchun.fr\/en\/wp-json\/wp\/v2\/pages\/797","targetHints":{"allow":["GET"]}}],"collection":[{"href":"https:\/\/www.lewingchun.fr\/en\/wp-json\/wp\/v2\/pages"}],"about":[{"href":"https:\/\/www.lewingchun.fr\/en\/wp-json\/wp\/v2\/types\/page"}],"author":[{"embeddable":true,"href":"https:\/\/www.lewingchun.fr\/en\/wp-json\/wp\/v2\/users\/2"}],"replies":[{"embeddable":true,"href":"https:\/\/www.lewingchun.fr\/en\/wp-json\/wp\/v2\/comments?post=797"}],"version-history":[{"count":3,"href":"https:\/\/www.lewingchun.fr\/en\/wp-json\/wp\/v2\/pages\/797\/revisions"}],"predecessor-version":[{"id":800,"href":"https:\/\/www.lewingchun.fr\/en\/wp-json\/wp\/v2\/pages\/797\/revisions\/800"}],"wp:attachment":[{"href":"https:\/\/www.lewingchun.fr\/en\/wp-json\/wp\/v2\/media?parent=797"}],"curies":[{"name":"wp","href":"https:\/\/api.w.org\/{rel}","templated":true}]}}